{"id":29018,"date":"2019-05-28T15:01:37","date_gmt":"2019-05-28T13:01:37","guid":{"rendered":"https:\/\/www.experconsult.be\/?page_id=29018"},"modified":"2019-06-06T23:04:48","modified_gmt":"2019-06-06T21:04:48","slug":"assurances","status":"publish","type":"page","link":"https:\/\/experconsult.be\/fr\/assurances\/","title":{"rendered":"Assurances"},"content":{"rendered":"<p>[et_pb_section fb_built=\u00a0\u00bb1&Prime; _builder_version=\u00a0\u00bb3.23.3&Prime; background_color=\u00a0\u00bb#ffffff\u00a0\u00bb background_image=\u00a0\u00bbhttp:\/\/experconsult.be\/wp-content\/uploads\/2019\/06\/Inner-top-assurance.jpg\u00a0\u00bb][et_pb_row _builder_version=\u00a0\u00bb3.23.3&Prime;][et_pb_column type=\u00a0\u00bb4_4&Prime; _builder_version=\u00a0\u00bb3.23.3&Prime;][et_pb_text _builder_version=\u00a0\u00bb3.23.3&Prime; text_font=\u00a0\u00bbOpen Sans|700||on|||||\u00a0\u00bb text_text_align=\u00a0\u00bbleft\u00a0\u00bb text_text_color=\u00a0\u00bb#959baf\u00a0\u00bb text_font_size=\u00a0\u00bb10px\u00a0\u00bb text_letter_spacing=\u00a0\u00bb3px\u00a0\u00bb text_line_height=\u00a0\u00bb1.8em\u00a0\u00bb header_font=\u00a0\u00bb|300|||||||\u00a0\u00bb header_text_align=\u00a0\u00bbcenter\u00a0\u00bb header_text_color=\u00a0\u00bb#535b7c\u00a0\u00bb header_font_size=\u00a0\u00bb59px\u00a0\u00bb header_2_font=\u00a0\u00bbNunito Sans|700|||||||\u00a0\u00bb header_2_text_color=\u00a0\u00bb#535b7c\u00a0\u00bb header_2_font_size=\u00a0\u00bb41px\u00a0\u00bb header_2_line_height=\u00a0\u00bb1.3em\u00a0\u00bb text_orientation=\u00a0\u00bbcenter\u00a0\u00bb max_width=\u00a0\u00bb700px\u00a0\u00bb module_alignment=\u00a0\u00bbleft\u00a0\u00bb custom_margin=\u00a0\u00bb||13px|-37px||\u00a0\u00bb custom_padding=\u00a0\u00bb|86px||||\u00a0\u00bb custom_padding_phone=\u00a0\u00bb|17px||\u00a0\u00bb custom_padding_last_edited=\u00a0\u00bbon|desktop\u00a0\u00bb text_font_size_phone=\u00a0\u00bb8px\u00a0\u00bb text_font_size_last_edited=\u00a0\u00bbon|desktop\u00a0\u00bb header_font_phone=\u00a0\u00bb|300|||||||\u00a0\u00bb header_font_last_edited=\u00a0\u00bbon|desktop\u00a0\u00bb header_font_size_tablet=\u00a0\u00bb54px\u00a0\u00bb header_font_size_phone=\u00a0\u00bb37px\u00a0\u00bb header_font_size_last_edited=\u00a0\u00bbon|phone\u00a0\u00bb]<\/p>\n<p>Accueil \u203a Assurances<\/p>\n<p>[\/et_pb_text][et_pb_text _builder_version=\u00a0\u00bb3.23.3&Prime; text_font=\u00a0\u00bbNunito Sans||||||||\u00a0\u00bb text_text_color=\u00a0\u00bb#959baf\u00a0\u00bb text_font_size=\u00a0\u00bb18px\u00a0\u00bb text_line_height=\u00a0\u00bb1.8em\u00a0\u00bb header_font=\u00a0\u00bb|300|||||||\u00a0\u00bb header_text_align=\u00a0\u00bbcenter\u00a0\u00bb header_text_color=\u00a0\u00bb#535b7c\u00a0\u00bb header_font_size=\u00a0\u00bb59px\u00a0\u00bb header_2_font=\u00a0\u00bbNunito Sans|300|||||||\u00a0\u00bb header_2_text_color=\u00a0\u00bb#535b7c\u00a0\u00bb header_2_font_size=\u00a0\u00bb41px\u00a0\u00bb header_2_line_height=\u00a0\u00bb1.3em\u00a0\u00bb text_orientation=\u00a0\u00bbcenter\u00a0\u00bb max_width=\u00a0\u00bb700px\u00a0\u00bb module_alignment=\u00a0\u00bbleft\u00a0\u00bb custom_margin=\u00a0\u00bb|||-37px||\u00a0\u00bb custom_padding=\u00a0\u00bb|86px||||\u00a0\u00bb custom_padding_phone=\u00a0\u00bb|17px||\u00a0\u00bb custom_padding_last_edited=\u00a0\u00bbon|desktop\u00a0\u00bb header_font_phone=\u00a0\u00bb|300|||||||\u00a0\u00bb header_font_last_edited=\u00a0\u00bbon|desktop\u00a0\u00bb header_font_size_tablet=\u00a0\u00bb54px\u00a0\u00bb header_font_size_phone=\u00a0\u00bb37px\u00a0\u00bb header_font_size_last_edited=\u00a0\u00bbon|phone\u00a0\u00bb header_2_font_size_phone=\u00a0\u00bb25px\u00a0\u00bb header_2_font_size_last_edited=\u00a0\u00bbon|desktop\u00a0\u00bb]<\/p>\n<h2 style=\"text-align: left;\"><strong><span style=\"color: #253664;\">Un r\u00e9seau d\u2019experts<br \/>\n<\/span><\/strong><span style=\"color: #009ee0;\"> dans l\u2019\u00e9valuation du dommage corporel<\/span><\/h2>\n<p>[\/et_pb_text][\/et_pb_column][\/et_pb_row][\/et_pb_section][et_pb_section fb_built=\u00a0\u00bb1&Prime; admin_label=\u00a0\u00bbFeatures\u00a0\u00bb _builder_version=\u00a0\u00bb3.23.3&Prime; background_color=\u00a0\u00bb#f4f4f4&Prime; max_width=\u00a0\u00bb100%\u00a0\u00bb module_alignment=\u00a0\u00bbcenter\u00a0\u00bb min_height=\u00a0\u00bb231px\u00a0\u00bb custom_margin=\u00a0\u00bb0px|||||\u00a0\u00bb custom_padding=\u00a0\u00bb25px|0px|0px|0px||\u00a0\u00bb][et_pb_row custom_padding=\u00a0\u00bb9px||26px|||\u00a0\u00bb custom_margin=\u00a0\u00bb|auto|-62px|auto||\u00a0\u00bb admin_label=\u00a0\u00bbTittle\u00a0\u00bb _builder_version=\u00a0\u00bb3.22.3&Prime;][et_pb_column type=\u00a0\u00bb4_4&Prime; _builder_version=\u00a0\u00bb3.0.47&Prime;][et_pb_text _builder_version=\u00a0\u00bb3.23.3&Prime; text_font=\u00a0\u00bb|300|||||||\u00a0\u00bb text_text_align=\u00a0\u00bbleft\u00a0\u00bb text_text_color=\u00a0\u00bb#009ee0&Prime; text_font_size=\u00a0\u00bb23px\u00a0\u00bb text_line_height=\u00a0\u00bb1.8em\u00a0\u00bb header_font=\u00a0\u00bbOpen Sans||||||||\u00a0\u00bb header_text_align=\u00a0\u00bbcenter\u00a0\u00bb header_text_color=\u00a0\u00bb#535b7c\u00a0\u00bb header_2_font=\u00a0\u00bb|300|||||||\u00a0\u00bb header_2_text_color=\u00a0\u00bb#253664&Prime; header_2_font_size=\u00a0\u00bb35px\u00a0\u00bb header_2_line_height=\u00a0\u00bb1.3em\u00a0\u00bb text_orientation=\u00a0\u00bbcenter\u00a0\u00bb module_alignment=\u00a0\u00bbcenter\u00a0\u00bb custom_margin=\u00a0\u00bb|||-13px||\u00a0\u00bb custom_padding=\u00a0\u00bb|||16px||\u00a0\u00bb custom_padding_phone=\u00a0\u00bb|5px||13px\u00a0\u00bb custom_padding_last_edited=\u00a0\u00bbon|desktop\u00a0\u00bb text_font_size_phone=\u00a0\u00bb18px\u00a0\u00bb text_font_size_last_edited=\u00a0\u00bbon|desktop\u00a0\u00bb header_2_font_last_edited=\u00a0\u00bbon|desktop\u00a0\u00bb header_2_font_size_phone=\u00a0\u00bb24px\u00a0\u00bb header_2_font_size_last_edited=\u00a0\u00bbon|phone\u00a0\u00bb]<\/p>\n<p><strong>Experconsult<\/strong> fait appel \u00e0 un r\u00e9seau d\u2019experts dans l\u2019\u00e9valuation du dommage corporel sur tout le territoire belge.<\/p>\n<p>[\/et_pb_text][\/et_pb_column][\/et_pb_row][\/et_pb_section][et_pb_section fb_built=\u00a0\u00bb1&Prime; custom_padding_last_edited=\u00a0\u00bbon|phone\u00a0\u00bb disabled_on=\u00a0\u00bboff|off|off\u00a0\u00bb admin_label=\u00a0\u00bbFeatures CTA Section\u00a0\u00bb _builder_version=\u00a0\u00bb3.23.3&Prime; custom_padding=\u00a0\u00bb100px|0px|13px|0px||\u00a0\u00bb custom_padding_tablet=\u00a0\u00bb52px||\u00a0\u00bb custom_padding_phone=\u00a0\u00bb41px|||\u00a0\u00bb saved_tabs=\u00a0\u00bball\u00a0\u00bb][et_pb_row custom_padding=\u00a0\u00bb4px|0px|2px|0px||\u00a0\u00bb custom_margin=\u00a0\u00bb|auto|54px|auto||\u00a0\u00bb admin_label=\u00a0\u00bbRight Sided Image\u00a0\u00bb _builder_version=\u00a0\u00bb3.23.3&Prime; custom_margin_tablet=\u00a0\u00bb||15px\u00a0\u00bb custom_margin_phone=\u00a0\u00bb||-39px\u00a0\u00bb custom_margin_last_edited=\u00a0\u00bbon|phone\u00a0\u00bb][et_pb_column type=\u00a0\u00bb1_2&Prime; _builder_version=\u00a0\u00bb3.0.47&Prime;][et_pb_text _builder_version=\u00a0\u00bb3.23.3&Prime; text_font=\u00a0\u00bb||||||||\u00a0\u00bb text_text_color=\u00a0\u00bb#959baf\u00a0\u00bb text_font_size=\u00a0\u00bb15px\u00a0\u00bb text_line_height=\u00a0\u00bb1.8em\u00a0\u00bb header_font=\u00a0\u00bb||||||||\u00a0\u00bb header_text_align=\u00a0\u00bbleft\u00a0\u00bb header_2_font=\u00a0\u00bb|300|||||||\u00a0\u00bb header_2_text_color=\u00a0\u00bb#253664&Prime; header_2_font_size=\u00a0\u00bb35px\u00a0\u00bb header_2_line_height=\u00a0\u00bb1.3em\u00a0\u00bb max_width=\u00a0\u00bb700px\u00a0\u00bb module_alignment=\u00a0\u00bbcenter\u00a0\u00bb custom_padding=\u00a0\u00bb|144px||||\u00a0\u00bb custom_padding_phone=\u00a0\u00bb|0px||\u00a0\u00bb custom_padding_last_edited=\u00a0\u00bbon|desktop\u00a0\u00bb]Nos m\u00e9decins \u00e9tablissent sur demande des compagnies d\u2019assurances des dossiers pour l\u2019assurance maladie et invalidit\u00e9, des rapports d\u2019\u00e9valuation du dommage corporel en cas d\u2019accident du travail, d\u2019accident de la circulation ou de toute autre situation de droit commun.<\/p>\n<p>En outre, ils \u00e9tablissent des dossiers pour la reconnaissance de maladie grave et pour le report devant la commission des pensions.[\/et_pb_text][\/et_pb_column][et_pb_column type=\u00a0\u00bb1_2&Prime; _builder_version=\u00a0\u00bb3.0.47&Prime;][et_pb_image src=\u00a0\u00bbhttp:\/\/experconsult.be\/wp-content\/uploads\/2019\/06\/medische-expertise.jpg\u00a0\u00bb _builder_version=\u00a0\u00bb3.23.3&Prime; width=\u00a0\u00bb83%\u00a0\u00bb custom_margin=\u00a0\u00bb|-5px||||\u00a0\u00bb custom_padding=\u00a0\u00bb|0px||||\u00a0\u00bb][\/et_pb_image][\/et_pb_column][\/et_pb_row][\/et_pb_section][et_pb_section fb_built=\u00a0\u00bb1&Prime; admin_label=\u00a0\u00bbTestimonial\u00a0\u00bb _builder_version=\u00a0\u00bb3.22.3&Prime; custom_padding=\u00a0\u00bb0px|0px|34px|0px||\u00a0\u00bb][\/et_pb_section][et_pb_section fb_built=\u00a0\u00bb1&Prime; admin_label=\u00a0\u00bbGet Started CTA\u00a0\u00bb _builder_version=\u00a0\u00bb3.23.3&Prime; background_color=\u00a0\u00bb#253664&Prime; box_shadow_style=\u00a0\u00bbpreset3&Prime; box_shadow_vertical=\u00a0\u00bb160px\u00a0\u00bb box_shadow_blur=\u00a0\u00bb0px\u00a0\u00bb box_shadow_spread=\u00a0\u00bb-80px\u00a0\u00bb box_shadow_color=\u00a0\u00bb#ffffff\u00a0\u00bb box_shadow_position=\u00a0\u00bbinner\u00a0\u00bb min_height=\u00a0\u00bb100px\u00a0\u00bb custom_padding=\u00a0\u00bb0px|0px|5px|0px||\u00a0\u00bb saved_tabs=\u00a0\u00bball\u00a0\u00bb][et_pb_row custom_padding=\u00a0\u00bb32px|40px||40px\u00a0\u00bb admin_label=\u00a0\u00bbCTA Row\u00a0\u00bb _builder_version=\u00a0\u00bb3.23.3&Prime; use_background_color_gradient=\u00a0\u00bbon\u00a0\u00bb background_color_gradient_start=\u00a0\u00bb#009ee0&Prime; background_color_gradient_end=\u00a0\u00bb#0073a8&Prime; background_color_gradient_direction=\u00a0\u00bb243deg\u00a0\u00bb border_radii=\u00a0\u00bbon|4px|4px|4px|4px\u00a0\u00bb max_width=\u00a0\u00bb833px\u00a0\u00bb][et_pb_column type=\u00a0\u00bb2_3&Prime; _builder_version=\u00a0\u00bb3.0.47&Prime;][et_pb_text _builder_version=\u00a0\u00bb3.23.3&Prime; text_font=\u00a0\u00bbNunito Sans||||||||\u00a0\u00bb text_text_color=\u00a0\u00bb#ffffff\u00a0\u00bb header_font=\u00a0\u00bb|700|||||||\u00a0\u00bb header_text_align=\u00a0\u00bbleft\u00a0\u00bb header_text_color=\u00a0\u00bb#ffffff\u00a0\u00bb header_font_size=\u00a0\u00bb35px\u00a0\u00bb header_line_height=\u00a0\u00bb1.4em\u00a0\u00bb header_2_font=\u00a0\u00bbNunito Sans|700|||||||\u00a0\u00bb header_2_text_align=\u00a0\u00bbleft\u00a0\u00bb header_2_text_color=\u00a0\u00bb#ffffff\u00a0\u00bb header_2_font_size=\u00a0\u00bb35px\u00a0\u00bb header_2_line_height=\u00a0\u00bb1.4em\u00a0\u00bb header_3_font=\u00a0\u00bb||||||||\u00a0\u00bb header_3_text_color=\u00a0\u00bb#ffffff\u00a0\u00bb header_3_font_size=\u00a0\u00bb21px\u00a0\u00bb header_4_font=\u00a0\u00bb||||||||\u00a0\u00bb header_5_font=\u00a0\u00bb||||||||\u00a0\u00bb header_6_font=\u00a0\u00bb||||||||\u00a0\u00bb custom_margin=\u00a0\u00bb||0px| ||\u00a0\u00bb custom_padding=\u00a0\u00bb11px||\u00a0\u00bb text_font_last_edited=\u00a0\u00bbon|desktop\u00a0\u00bb text_text_align_tablet=\u00a0\u00bbcenter\u00a0\u00bb text_text_align_last_edited=\u00a0\u00bbon|tablet\u00a0\u00bb]<\/p>\n<h3>Besoin de plus d&rsquo;informations ?<\/h3>\n<p>[\/et_pb_text][\/et_pb_column][et_pb_column type=\u00a0\u00bb1_3&Prime; _builder_version=\u00a0\u00bb3.0.47&Prime;][et_pb_button button_url=\u00a0\u00bbhttp:\/\/experconsult.be\/contact\/\u00a0\u00bb button_text=\u00a0\u00bbContactez-nous !\u00a0\u00bb button_alignment=\u00a0\u00bbright\u00a0\u00bb button_alignment_tablet=\u00a0\u00bbcenter\u00a0\u00bb button_alignment_last_edited=\u00a0\u00bbon|phone\u00a0\u00bb _builder_version=\u00a0\u00bb3.23.3&Prime; custom_button=\u00a0\u00bbon\u00a0\u00bb button_text_size=\u00a0\u00bb13px\u00a0\u00bb button_text_color=\u00a0\u00bb#009ee0&Prime; button_bg_color=\u00a0\u00bb#ffffff\u00a0\u00bb button_bg_color_gradient_start=\u00a0\u00bb#3D72E7&Prime; button_bg_color_gradient_end=\u00a0\u00bb#53a0fe\u00a0\u00bb button_bg_color_gradient_direction=\u00a0\u00bb243deg\u00a0\u00bb button_border_width=\u00a0\u00bb0px\u00a0\u00bb button_border_radius=\u00a0\u00bb26px\u00a0\u00bb button_letter_spacing=\u00a0\u00bb1px\u00a0\u00bb button_font=\u00a0\u00bbNunito Sans|800||on|||||\u00a0\u00bb button_use_icon=\u00a0\u00bboff\u00a0\u00bb custom_margin=\u00a0\u00bb|||\u00a0\u00bb custom_padding=\u00a0\u00bb15px|30px|15px|30px\u00a0\u00bb button_text_color_hover=\u00a0\u00bb#3D72E7&Prime; button_border_radius_hover=\u00a0\u00bb26px\u00a0\u00bb button_letter_spacing_hover=\u00a0\u00bb1px\u00a0\u00bb button_bg_color_hover=\u00a0\u00bb#ffffff\u00a0\u00bb button_text_size__hover_enabled=\u00a0\u00bboff\u00a0\u00bb button_one_text_size__hover_enabled=\u00a0\u00bboff\u00a0\u00bb button_two_text_size__hover_enabled=\u00a0\u00bboff\u00a0\u00bb button_text_color__hover_enabled=\u00a0\u00bbon\u00a0\u00bb button_text_color__hover=\u00a0\u00bb#3D72E7&Prime; button_one_text_color__hover_enabled=\u00a0\u00bboff\u00a0\u00bb button_two_text_color__hover_enabled=\u00a0\u00bboff\u00a0\u00bb button_border_width__hover_enabled=\u00a0\u00bboff\u00a0\u00bb button_one_border_width__hover_enabled=\u00a0\u00bboff\u00a0\u00bb button_two_border_width__hover_enabled=\u00a0\u00bboff\u00a0\u00bb button_border_color__hover_enabled=\u00a0\u00bboff\u00a0\u00bb button_one_border_color__hover_enabled=\u00a0\u00bboff\u00a0\u00bb button_two_border_color__hover_enabled=\u00a0\u00bboff\u00a0\u00bb button_border_radius__hover_enabled=\u00a0\u00bbon\u00a0\u00bb button_border_radius__hover=\u00a0\u00bb26px\u00a0\u00bb button_one_border_radius__hover_enabled=\u00a0\u00bboff\u00a0\u00bb button_two_border_radius__hover_enabled=\u00a0\u00bboff\u00a0\u00bb button_letter_spacing__hover_enabled=\u00a0\u00bbon\u00a0\u00bb button_letter_spacing__hover=\u00a0\u00bb1px\u00a0\u00bb button_one_letter_spacing__hover_enabled=\u00a0\u00bboff\u00a0\u00bb button_two_letter_spacing__hover_enabled=\u00a0\u00bboff\u00a0\u00bb button_bg_color__hover_enabled=\u00a0\u00bbon\u00a0\u00bb button_bg_color__hover=\u00a0\u00bb#ffffff\u00a0\u00bb button_one_bg_color__hover_enabled=\u00a0\u00bboff\u00a0\u00bb button_two_bg_color__hover_enabled=\u00a0\u00bboff\u00a0\u00bb][\/et_pb_button][\/et_pb_column][\/et_pb_row][\/et_pb_section]<\/p>\n","protected":false},"excerpt":{"rendered":"<p>Accueil \u203a AssurancesUn r\u00e9seau d\u2019experts dans l\u2019\u00e9valuation du dommage corporelExperconsult fait appel \u00e0 un r\u00e9seau d\u2019experts dans l\u2019\u00e9valuation du dommage corporel sur tout le territoire belge.Nos m\u00e9decins \u00e9tablissent sur demande des compagnies d\u2019assurances des dossiers pour l\u2019assurance maladie et invalidit\u00e9, des rapports d\u2019\u00e9valuation du dommage corporel en cas d\u2019accident du travail, d\u2019accident de la circulation [&hellip;]<\/p>\n","protected":false},"author":1,"featured_media":0,"parent":0,"menu_order":0,"comment_status":"closed","ping_status":"closed","template":"","meta":{"_et_pb_use_builder":"on","_et_pb_old_content":"","_et_gb_content_width":"","footnotes":""},"class_list":["post-29018","page","type-page","status-publish","hentry"],"_links":{"self":[{"href":"https:\/\/experconsult.be\/fr\/wp-json\/wp\/v2\/pages\/29018","targetHints":{"allow":["GET"]}}],"collection":[{"href":"https:\/\/experconsult.be\/fr\/wp-json\/wp\/v2\/pages"}],"about":[{"href":"https:\/\/experconsult.be\/fr\/wp-json\/wp\/v2\/types\/page"}],"author":[{"embeddable":true,"href":"https:\/\/experconsult.be\/fr\/wp-json\/wp\/v2\/users\/1"}],"replies":[{"embeddable":true,"href":"https:\/\/experconsult.be\/fr\/wp-json\/wp\/v2\/comments?post=29018"}],"version-history":[{"count":3,"href":"https:\/\/experconsult.be\/fr\/wp-json\/wp\/v2\/pages\/29018\/revisions"}],"predecessor-version":[{"id":29098,"href":"https:\/\/experconsult.be\/fr\/wp-json\/wp\/v2\/pages\/29018\/revisions\/29098"}],"wp:attachment":[{"href":"https:\/\/experconsult.be\/fr\/wp-json\/wp\/v2\/media?parent=29018"}],"curies":[{"name":"wp","href":"https:\/\/api.w.org\/{rel}","templated":true}]}}