{"id":29260,"date":"2019-05-28T15:13:04","date_gmt":"2019-05-28T13:13:04","guid":{"rendered":"https:\/\/www.experconsult.be\/la-vitalite-au-travail\/"},"modified":"2021-05-25T19:03:25","modified_gmt":"2021-05-25T17:03:25","slug":"befit-solutions","status":"publish","type":"page","link":"https:\/\/experconsult.be\/nl\/befit-solutions\/","title":{"rendered":"BeFit Solutions"},"content":{"rendered":"<p>[et_pb_section fb_built=&#8221;1&#8243; _builder_version=&#8221;4.9.0&#8243; background_color=&#8221;#ffffff&#8221; background_image=&#8221;http:\/\/experconsult.be\/wp-content\/uploads\/2021\/05\/Banner-Befit-Solutions-scaled.jpg&#8221; da_disable_devices=&#8221;off|off|off&#8221; da_is_popup=&#8221;off&#8221; da_exit_intent=&#8221;off&#8221; da_has_close=&#8221;on&#8221; da_alt_close=&#8221;off&#8221; da_dark_close=&#8221;off&#8221; da_not_modal=&#8221;on&#8221; da_is_singular=&#8221;off&#8221; da_with_loader=&#8221;off&#8221; da_has_shadow=&#8221;on&#8221;][et_pb_row _builder_version=&#8221;4.9.0&#8243;][et_pb_column type=&#8221;4_4&#8243; _builder_version=&#8221;3.25&#8243; custom_padding=&#8221;|||&#8221; custom_padding__hover=&#8221;|||&#8221;][et_pb_text _builder_version=&#8221;4.9.0&#8243; text_font=&#8221;Open Sans|700||on|||||&#8221; text_text_color=&#8221;#959baf&#8221; text_font_size=&#8221;10px&#8221; text_letter_spacing=&#8221;3px&#8221; text_line_height=&#8221;1.8em&#8221; header_font=&#8221;|300|||||||&#8221; header_text_align=&#8221;center&#8221; header_text_color=&#8221;#535b7c&#8221; header_font_size=&#8221;59px&#8221; header_2_font=&#8221;Nunito Sans|700|||||||&#8221; header_2_text_color=&#8221;#535b7c&#8221; header_2_font_size=&#8221;41px&#8221; header_2_line_height=&#8221;1.3em&#8221; max_width=&#8221;700px&#8221; module_alignment=&#8221;left&#8221; custom_margin=&#8221;||25px|-37px||&#8221; custom_padding=&#8221;|86px||||&#8221; custom_padding_tablet=&#8221;&#8221; custom_padding_phone=&#8221;|17px||&#8221; custom_padding_last_edited=&#8221;on|desktop&#8221; text_font_size_tablet=&#8221;&#8221; text_font_size_phone=&#8221;8px&#8221; text_font_size_last_edited=&#8221;on|desktop&#8221; header_font_tablet=&#8221;&#8221; header_font_phone=&#8221;|300|||||||&#8221; header_font_last_edited=&#8221;on|desktop&#8221; header_font_size_tablet=&#8221;54px&#8221; header_font_size_phone=&#8221;37px&#8221; header_font_size_last_edited=&#8221;on|phone&#8221; text_text_align=&#8221;left&#8221;]<\/p>\n<p>Home \u203a BeFit Solutions<\/p>\n<p>[\/et_pb_text][et_pb_image src=&#8221;http:\/\/experconsult.be\/wp-content\/uploads\/2021\/05\/BeFit-Solutions.jpg&#8221; title_text=&#8221;BeFit-Solutions&#8221; _builder_version=&#8221;4.9.0&#8243; _module_preset=&#8221;default&#8221; width=&#8221;16%&#8221; width_tablet=&#8221;22%&#8221; width_phone=&#8221;33%&#8221; width_last_edited=&#8221;on|phone&#8221; custom_margin=&#8221;||21px|||&#8221;][\/et_pb_image][et_pb_text _builder_version=&#8221;4.9.0&#8243; text_font=&#8221;Nunito Sans||||||||&#8221; text_text_color=&#8221;#959baf&#8221; text_font_size=&#8221;18px&#8221; text_line_height=&#8221;1.8em&#8221; header_font=&#8221;|300|||||||&#8221; header_text_align=&#8221;center&#8221; header_text_color=&#8221;#535b7c&#8221; header_font_size=&#8221;59px&#8221; header_2_font=&#8221;Nunito Sans|300|||||||&#8221; header_2_text_color=&#8221;#535b7c&#8221; header_2_font_size=&#8221;41px&#8221; header_2_line_height=&#8221;1.3em&#8221; text_orientation=&#8221;center&#8221; max_width=&#8221;700px&#8221; module_alignment=&#8221;left&#8221; custom_margin=&#8221;|||-37px||&#8221; custom_padding=&#8221;|86px||||&#8221; custom_padding_tablet=&#8221;&#8221; custom_padding_phone=&#8221;|17px||&#8221; custom_padding_last_edited=&#8221;on|desktop&#8221; header_font_tablet=&#8221;&#8221; header_font_phone=&#8221;|300|||||||&#8221; header_font_last_edited=&#8221;on|desktop&#8221; header_font_size_tablet=&#8221;54px&#8221; header_font_size_phone=&#8221;37px&#8221; header_font_size_last_edited=&#8221;on|phone&#8221; header_2_font_size_tablet=&#8221;&#8221; header_2_font_size_phone=&#8221;25px&#8221; header_2_font_size_last_edited=&#8221;on|desktop&#8221;]<\/p>\n<h2 style=\"text-align: left;\"><strong><span style=\"color: #253664;\">Eet beter en beweeg meer<\/span><\/strong><\/h2>\n<p>&nbsp;<\/p>\n<p>[\/et_pb_text][\/et_pb_column][\/et_pb_row][\/et_pb_section][et_pb_section fb_built=&#8221;1&#8243; disabled_on=&#8221;on|on|on&#8221; admin_label=&#8221;Features&#8221; _builder_version=&#8221;4.9.0&#8243; background_color=&#8221;#f4f4f4&#8243; max_width=&#8221;100%&#8221; module_alignment=&#8221;center&#8221; min_height=&#8221;231px&#8221; custom_margin=&#8221;0px||74px|||&#8221; custom_padding=&#8221;25px|0px|0px|0px||&#8221; da_disable_devices=&#8221;off|off|off&#8221; disabled=&#8221;on&#8221; da_is_popup=&#8221;off&#8221; da_exit_intent=&#8221;off&#8221; da_has_close=&#8221;on&#8221; da_alt_close=&#8221;off&#8221; da_dark_close=&#8221;off&#8221; da_not_modal=&#8221;on&#8221; da_is_singular=&#8221;off&#8221; da_with_loader=&#8221;off&#8221; da_has_shadow=&#8221;on&#8221;][et_pb_row admin_label=&#8221;Tittle&#8221; _builder_version=&#8221;3.25&#8243; custom_padding=&#8221;9px||26px|||&#8221;][et_pb_column type=&#8221;4_4&#8243; _builder_version=&#8221;3.25&#8243; custom_padding=&#8221;|||&#8221; custom_padding__hover=&#8221;|||&#8221;][et_pb_text _builder_version=&#8221;3.27.4&#8243; text_font=&#8221;|300|||||||&#8221; text_text_color=&#8221;#009ee0&#8243; text_font_size=&#8221;23px&#8221; text_line_height=&#8221;1.8em&#8221; header_font=&#8221;Open Sans||||||||&#8221; header_text_align=&#8221;center&#8221; header_text_color=&#8221;#535b7c&#8221; header_2_font=&#8221;|300|||||||&#8221; header_2_text_color=&#8221;#253664&#8243; header_2_font_size=&#8221;35px&#8221; header_2_line_height=&#8221;1.3em&#8221; module_alignment=&#8221;center&#8221; custom_margin=&#8221;|||-13px||&#8221; custom_padding=&#8221;|||16px||&#8221; custom_padding_tablet=&#8221;&#8221; custom_padding_phone=&#8221;|5px||13px&#8221; custom_padding_last_edited=&#8221;on|desktop&#8221; text_font_size_tablet=&#8221;&#8221; text_font_size_phone=&#8221;18px&#8221; text_font_size_last_edited=&#8221;on|desktop&#8221; header_2_font_tablet=&#8221;&#8221; header_2_font_phone=&#8221;&#8221; header_2_font_last_edited=&#8221;on|desktop&#8221; header_2_font_size_tablet=&#8221;&#8221; header_2_font_size_phone=&#8221;24px&#8221; header_2_font_size_last_edited=&#8221;on|phone&#8221; text_text_align=&#8221;left&#8221;]<\/p>\n<p><span>Notre <\/span><span>programme <strong>BeFit<\/strong> <\/span><span>est un ensemble de solutions pens\u00e9es pour la Vitalit\u00e9 au travail. Manger mieux et bouger plus : notre \u00e9quipe de di\u00e9t\u00e9ticiens, kin\u00e9s, ergonomes et m\u00e9decins apportent une <\/span><span>vision moderne \u00e0 la di\u00e9t\u00e9tique et au mouvement sur les lieux de travail<\/span><span>.<\/span><\/p>\n<p>[\/et_pb_text][\/et_pb_column][\/et_pb_row][\/et_pb_section][et_pb_section fb_built=&#8221;1&#8243; _builder_version=&#8221;3.23.3&#8243; custom_margin=&#8221;58px|||||&#8221; custom_padding=&#8221;1px||5px|||&#8221; da_disable_devices=&#8221;off|off|off&#8221; da_is_popup=&#8221;off&#8221; da_exit_intent=&#8221;off&#8221; da_has_close=&#8221;on&#8221; da_alt_close=&#8221;off&#8221; da_dark_close=&#8221;off&#8221; da_not_modal=&#8221;on&#8221; da_is_singular=&#8221;off&#8221; da_with_loader=&#8221;off&#8221; da_has_shadow=&#8221;on&#8221;][et_pb_row column_structure=&#8221;1_2,1_2&#8243; admin_label=&#8221;Right Sided Image&#8221; _builder_version=&#8221;3.25&#8243; custom_margin=&#8221;|auto|100px|auto||&#8221; custom_margin_tablet=&#8221;&#8221; custom_margin_phone=&#8221;-10px|auto|69px|auto||&#8221; custom_margin_last_edited=&#8221;on|desktop&#8221; custom_padding=&#8221;4px|0px|2px|0px||&#8221;][et_pb_column type=&#8221;1_2&#8243; _builder_version=&#8221;3.25&#8243; custom_padding=&#8221;|||&#8221; custom_padding__hover=&#8221;|||&#8221;][et_pb_image src=&#8221;http:\/\/experconsult.be\/wp-content\/uploads\/2021\/05\/befit-team.jpg&#8221; title_text=&#8221;befit-team&#8221; _builder_version=&#8221;4.9.0&#8243; _module_preset=&#8221;default&#8221; width=&#8221;30%&#8221;][\/et_pb_image][et_pb_text _builder_version=&#8221;4.9.0&#8243; text_font=&#8221;||||||||&#8221; text_text_color=&#8221;#959baf&#8221; text_font_size=&#8221;15px&#8221; text_line_height=&#8221;1.8em&#8221; header_font=&#8221;||||||||&#8221; header_text_align=&#8221;left&#8221; header_2_font=&#8221;|300|||||||&#8221; header_2_text_color=&#8221;#253664&#8243; header_2_font_size=&#8221;35px&#8221; header_2_line_height=&#8221;1.3em&#8221; max_width=&#8221;700px&#8221; module_alignment=&#8221;center&#8221; custom_margin=&#8221;-9px||14px|54px||&#8221; custom_padding=&#8221;|4px||||&#8221; custom_padding_tablet=&#8221;&#8221; custom_padding_phone=&#8221;|0px||&#8221; custom_padding_last_edited=&#8221;on|desktop&#8221;]<\/p>\n<h3><strong>Versterk jullie teamgeest<\/strong><\/h3>\n<p><span style=\"font-size: 15px;\"><strong>Zorg voor meer plezier, energie en sociale cohesie <\/strong>in uw bedrijf, dankzij onze oplossingen die uw teams motiveren om beter samen te werken. Ontdek ook de challenges op het vlak van voeding en beweging om in team uit te voeren op onze mobiele applicatie\u00a0<\/span><a href=\"http:\/\/befit_challenge.experconsult.be\/vitrine\" style=\"font-size: 15px;\"><span style=\"color: #c4007a;\"><strong>BeFit Challenge.\u00a0<\/strong><\/span><\/a><a href=\"http:\/\/befit_challenge.experconsult.be\/vitrine\" style=\"font-size: 15px; color: #c4007a;\"><strong><\/strong><\/a><\/p>\n<p><span style=\"color: #c4007a;\"><strong>\u203a Zie de <span style=\"text-decoration: underline;\"><a href=\"http:\/\/befit_challenge.experconsult.be\/vitrine\" target=\"_blank\" rel=\"noopener noreferrer\" style=\"color: #c4007a; text-decoration: underline;\">website<\/a><\/span><\/strong><\/span><\/p>\n<p>[\/et_pb_text][\/et_pb_column][et_pb_column type=&#8221;1_2&#8243; _builder_version=&#8221;3.25&#8243; custom_padding=&#8221;|||&#8221; custom_padding__hover=&#8221;|||&#8221;][et_pb_image src=&#8221;http:\/\/experconsult.be\/wp-content\/uploads\/2021\/05\/befit-challenge-1.jpg&#8221; title_text=&#8221;befit-challenge&#8221; _builder_version=&#8221;4.9.0&#8243; width=&#8221;83%&#8221;][\/et_pb_image][\/et_pb_column][\/et_pb_row][et_pb_row column_structure=&#8221;1_2,1_2&#8243; admin_label=&#8221;Right Sided Image&#8221; _builder_version=&#8221;3.25&#8243; custom_margin=&#8221;-29px|auto|100px|auto||&#8221; custom_margin_tablet=&#8221;&#8221; custom_margin_phone=&#8221;-10px|auto|69px|auto||&#8221; custom_margin_last_edited=&#8221;on|desktop&#8221; custom_padding=&#8221;4px|0px|2px|0px||&#8221;][et_pb_column type=&#8221;1_2&#8243; _builder_version=&#8221;3.25&#8243; custom_padding=&#8221;|||&#8221; custom_padding__hover=&#8221;|||&#8221;][et_pb_image src=&#8221;http:\/\/experconsult.be\/wp-content\/uploads\/2021\/05\/BeFit-Food.jpg&#8221; title_text=&#8221;BeFit-Food&#8221; _builder_version=&#8221;4.9.0&#8243; _module_preset=&#8221;default&#8221; width=&#8221;30%&#8221;][\/et_pb_image][et_pb_text _builder_version=&#8221;4.9.0&#8243; text_font=&#8221;||||||||&#8221; text_text_color=&#8221;#959baf&#8221; text_font_size=&#8221;15px&#8221; text_line_height=&#8221;1.8em&#8221; header_font=&#8221;||||||||&#8221; header_text_align=&#8221;left&#8221; header_2_font=&#8221;|300|||||||&#8221; header_2_text_color=&#8221;#253664&#8243; header_2_font_size=&#8221;35px&#8221; header_2_line_height=&#8221;1.3em&#8221; max_width=&#8221;700px&#8221; module_alignment=&#8221;center&#8221; custom_margin=&#8221;-11px||14px|54px||&#8221; custom_padding=&#8221;|4px|0px|||&#8221; custom_padding_tablet=&#8221;&#8221; custom_padding_phone=&#8221;|0px||&#8221; custom_padding_last_edited=&#8221;on|desktop&#8221; hover_enabled=&#8221;0&#8243; sticky_enabled=&#8221;0&#8243;]<\/p>\n<h3><strong>Ga voor een gezonde voeding op het werk<\/strong><\/h3>\n<p><span color=\"#959BAF\" style=\"color: #959baf;\"><b><span>Eet beter, zelfs op uw werkplek!<\/span><\/b><\/span><span><\/span><span color=\"#333333\" style=\"color: #333333;\"> <\/span><span color=\"#959BAF\" style=\"color: #959baf;\"><span>Onze professionals bieden u oplossingen om uw werknemers te helpen elke dag evenwichtig te eten. Kies de oplossing die past voor uw bedrijf: workshops, voedingsadvies, ondersteuning voor de invoering van een beleid om gezonde voeding te promoten, enz<\/span><\/span><\/p>\n<p>[\/et_pb_text][\/et_pb_column][et_pb_column type=&#8221;1_2&#8243; _builder_version=&#8221;3.25&#8243; custom_padding=&#8221;|||&#8221; custom_padding__hover=&#8221;|||&#8221;][et_pb_image src=&#8221;http:\/\/experconsult.be\/wp-content\/uploads\/2019\/06\/befit-03.jpg&#8221; title_text=&#8221;befit-03&#8243; _builder_version=&#8221;4.9.0&#8243; width=&#8221;83%&#8221;][\/et_pb_image][\/et_pb_column][\/et_pb_row][et_pb_row column_structure=&#8221;1_2,1_2&#8243; admin_label=&#8221;Right Sided Image&#8221; _builder_version=&#8221;3.25&#8243; custom_margin=&#8221;-29px|auto|71px|auto||&#8221; custom_margin_tablet=&#8221;&#8221; custom_margin_phone=&#8221;-10px|auto|69px|auto||&#8221; custom_margin_last_edited=&#8221;on|desktop&#8221; custom_padding=&#8221;4px|0px|2px|0px||&#8221;][et_pb_column type=&#8221;1_2&#8243; _builder_version=&#8221;3.25&#8243; custom_padding=&#8221;|||&#8221; custom_padding__hover=&#8221;|||&#8221;][et_pb_image src=&#8221;http:\/\/experconsult.be\/wp-content\/uploads\/2021\/05\/BeFit-Move.jpg&#8221; title_text=&#8221;BeFit-Move&#8221; _builder_version=&#8221;4.9.0&#8243; _module_preset=&#8221;default&#8221; width=&#8221;30%&#8221;][\/et_pb_image][et_pb_text _builder_version=&#8221;4.9.0&#8243; text_font=&#8221;||||||||&#8221; text_text_color=&#8221;#959baf&#8221; text_font_size=&#8221;15px&#8221; text_line_height=&#8221;1.8em&#8221; header_font=&#8221;||||||||&#8221; header_text_align=&#8221;left&#8221; header_2_font=&#8221;|300|||||||&#8221; header_2_text_color=&#8221;#253664&#8243; header_2_font_size=&#8221;35px&#8221; header_2_line_height=&#8221;1.3em&#8221; max_width=&#8221;700px&#8221; module_alignment=&#8221;center&#8221; custom_margin=&#8221;-11px||14px|54px||&#8221; custom_padding=&#8221;|4px|0px|||&#8221; custom_padding_tablet=&#8221;&#8221; custom_padding_phone=&#8221;|0px||&#8221; custom_padding_last_edited=&#8221;on|desktop&#8221;]<\/p>\n<h3><strong>Strijd tegen langdurig zitten op het werk<br \/><\/strong><\/h3>\n<p><strong>Beweeg meer voor uw gezondheid!<\/strong> <br \/>Hier zijn onze oplossingen om lichaamsbeweging op het werk te bevorderen dankzij onze deskundige adviezen. We bieden u een waaier van producten, van informatie tot opleiding en coaching.<\/p>\n<p>[\/et_pb_text][\/et_pb_column][et_pb_column type=&#8221;1_2&#8243; _builder_version=&#8221;3.25&#8243; custom_padding=&#8221;|||&#8221; custom_padding__hover=&#8221;|||&#8221;][et_pb_image src=&#8221;http:\/\/experconsult.be\/wp-content\/uploads\/2019\/06\/befit-02.jpg&#8221; title_text=&#8221;befit-02&#8243; _builder_version=&#8221;4.9.0&#8243; width=&#8221;83%&#8221;][\/et_pb_image][\/et_pb_column][\/et_pb_row][\/et_pb_section][et_pb_section fb_built=&#8221;1&#8243; admin_label=&#8221;Get Started CTA&#8221; _builder_version=&#8221;3.23.3&#8243; background_color=&#8221;#253664&#8243; min_height=&#8221;100px&#8221; custom_padding=&#8221;0px|0px|5px|0px||&#8221; da_disable_devices=&#8221;off|off|off&#8221; box_shadow_style=&#8221;preset3&#8243; box_shadow_vertical=&#8221;160px&#8221; box_shadow_blur=&#8221;0px&#8221; box_shadow_spread=&#8221;-80px&#8221; box_shadow_color=&#8221;#ffffff&#8221; box_shadow_position=&#8221;inner&#8221; saved_tabs=&#8221;all&#8221; da_is_popup=&#8221;off&#8221; da_exit_intent=&#8221;off&#8221; da_has_close=&#8221;on&#8221; da_alt_close=&#8221;off&#8221; da_dark_close=&#8221;off&#8221; da_not_modal=&#8221;on&#8221; da_is_singular=&#8221;off&#8221; da_with_loader=&#8221;off&#8221; da_has_shadow=&#8221;on&#8221;][et_pb_row column_structure=&#8221;2_3,1_3&#8243; admin_label=&#8221;CTA Row&#8221; _builder_version=&#8221;3.25&#8243; use_background_color_gradient=&#8221;on&#8221; background_color_gradient_start=&#8221;#009ee0&#8243; background_color_gradient_end=&#8221;#0073a8&#8243; background_color_gradient_direction=&#8221;243deg&#8221; max_width=&#8221;833px&#8221; custom_padding=&#8221;32px|40px||40px&#8221; border_radii=&#8221;on|4px|4px|4px|4px&#8221;][et_pb_column type=&#8221;2_3&#8243; _builder_version=&#8221;3.25&#8243; custom_padding=&#8221;|||&#8221; custom_padding__hover=&#8221;|||&#8221;][et_pb_text _builder_version=&#8221;4.9.0&#8243; text_font=&#8221;Nunito Sans||||||||&#8221; text_text_color=&#8221;#ffffff&#8221; header_font=&#8221;|700|||||||&#8221; header_text_align=&#8221;left&#8221; header_text_color=&#8221;#ffffff&#8221; header_font_size=&#8221;35px&#8221; header_line_height=&#8221;1.4em&#8221; header_2_font=&#8221;Nunito Sans|700|||||||&#8221; header_2_text_align=&#8221;left&#8221; header_2_text_color=&#8221;#ffffff&#8221; header_2_font_size=&#8221;35px&#8221; header_2_line_height=&#8221;1.4em&#8221; header_3_font=&#8221;||||||||&#8221; header_3_text_color=&#8221;#ffffff&#8221; header_3_font_size=&#8221;21px&#8221; header_4_font=&#8221;||||||||&#8221; header_5_font=&#8221;||||||||&#8221; header_6_font=&#8221;||||||||&#8221; custom_margin=&#8221;||0px| ||&#8221; custom_padding=&#8221;11px||&#8221; text_font_tablet=&#8221;&#8221; text_font_phone=&#8221;&#8221; text_font_last_edited=&#8221;on|desktop&#8221; text_text_align_tablet=&#8221;center&#8221; text_text_align_last_edited=&#8221;on|tablet&#8221;]<\/p>\n<h3>Meer informatie nodig?<\/h3>\n<p>[\/et_pb_text][\/et_pb_column][et_pb_column type=&#8221;1_3&#8243; _builder_version=&#8221;3.25&#8243; custom_padding=&#8221;|||&#8221; custom_padding__hover=&#8221;|||&#8221;][et_pb_button button_url=&#8221;http:\/\/experconsult.be\/contact\/?lang=nl&#8221; button_text=&#8221;Contact&#8221; button_alignment=&#8221;right&#8221; button_alignment_tablet=&#8221;center&#8221; button_alignment_phone=&#8221;&#8221; button_alignment_last_edited=&#8221;on|phone&#8221; _builder_version=&#8221;4.9.0&#8243; custom_button=&#8221;on&#8221; button_text_size=&#8221;13px&#8221; button_text_color=&#8221;#009ee0&#8243; button_bg_color=&#8221;#ffffff&#8221; button_bg_color_gradient_start=&#8221;#3D72E7&#8243; button_bg_color_gradient_end=&#8221;#53a0fe&#8221; button_bg_color_gradient_direction=&#8221;243deg&#8221; button_border_width=&#8221;0px&#8221; button_border_radius=&#8221;26px&#8221; button_letter_spacing=&#8221;1px&#8221; button_font=&#8221;Nunito Sans|800||on|||||&#8221; button_use_icon=&#8221;off&#8221; custom_margin=&#8221;|||&#8221; custom_padding=&#8221;15px|30px|15px|30px&#8221; button_text_color_hover=&#8221;#3D72E7&#8243; button_border_radius_hover=&#8221;26px&#8221; button_letter_spacing_hover=&#8221;1px&#8221; button_bg_color_hover=&#8221;#ffffff&#8221; button_text_size__hover_enabled=&#8221;off&#8221; button_one_text_size__hover_enabled=&#8221;off&#8221; button_two_text_size__hover_enabled=&#8221;off&#8221; button_text_color__hover_enabled=&#8221;on&#8221; button_text_color__hover=&#8221;#3D72E7&#8243; button_one_text_color__hover_enabled=&#8221;off&#8221; button_two_text_color__hover_enabled=&#8221;off&#8221; button_border_width__hover_enabled=&#8221;off&#8221; button_one_border_width__hover_enabled=&#8221;off&#8221; button_two_border_width__hover_enabled=&#8221;off&#8221; button_border_color__hover_enabled=&#8221;off&#8221; button_one_border_color__hover_enabled=&#8221;off&#8221; button_two_border_color__hover_enabled=&#8221;off&#8221; button_border_radius__hover_enabled=&#8221;on&#8221; button_border_radius__hover=&#8221;26px&#8221; button_one_border_radius__hover_enabled=&#8221;off&#8221; button_two_border_radius__hover_enabled=&#8221;off&#8221; button_letter_spacing__hover_enabled=&#8221;on&#8221; button_letter_spacing__hover=&#8221;1px&#8221; button_one_letter_spacing__hover_enabled=&#8221;off&#8221; button_two_letter_spacing__hover_enabled=&#8221;off&#8221; button_bg_color__hover_enabled=&#8221;on&#8221; button_bg_color__hover=&#8221;#ffffff&#8221; button_one_bg_color__hover_enabled=&#8221;off&#8221; button_two_bg_color__hover_enabled=&#8221;off&#8221;][\/et_pb_button][\/et_pb_column][\/et_pb_row][\/et_pb_section]<\/p>\n","protected":false},"excerpt":{"rendered":"<p>Home \u203a BeFit SolutionsEet beter en beweeg meer &nbsp;Notre programme BeFit est un ensemble de solutions pens\u00e9es pour la Vitalit\u00e9 au travail. Manger mieux et bouger plus : notre \u00e9quipe de di\u00e9t\u00e9ticiens, kin\u00e9s, ergonomes et m\u00e9decins apportent une vision moderne \u00e0 la di\u00e9t\u00e9tique et au mouvement sur les lieux de travail.Versterk jullie teamgeest Zorg voor [&hellip;]<\/p>\n","protected":false},"author":1,"featured_media":0,"parent":0,"menu_order":0,"comment_status":"closed","ping_status":"closed","template":"","meta":{"_et_pb_use_builder":"on","_et_pb_old_content":"","_et_gb_content_width":"","footnotes":""},"class_list":["post-29260","page","type-page","status-publish","hentry"],"_links":{"self":[{"href":"https:\/\/experconsult.be\/nl\/wp-json\/wp\/v2\/pages\/29260","targetHints":{"allow":["GET"]}}],"collection":[{"href":"https:\/\/experconsult.be\/nl\/wp-json\/wp\/v2\/pages"}],"about":[{"href":"https:\/\/experconsult.be\/nl\/wp-json\/wp\/v2\/types\/page"}],"author":[{"embeddable":true,"href":"https:\/\/experconsult.be\/nl\/wp-json\/wp\/v2\/users\/1"}],"replies":[{"embeddable":true,"href":"https:\/\/experconsult.be\/nl\/wp-json\/wp\/v2\/comments?post=29260"}],"version-history":[{"count":3,"href":"https:\/\/experconsult.be\/nl\/wp-json\/wp\/v2\/pages\/29260\/revisions"}],"predecessor-version":[{"id":29686,"href":"https:\/\/experconsult.be\/nl\/wp-json\/wp\/v2\/pages\/29260\/revisions\/29686"}],"wp:attachment":[{"href":"https:\/\/experconsult.be\/nl\/wp-json\/wp\/v2\/media?parent=29260"}],"curies":[{"name":"wp","href":"https:\/\/api.w.org\/{rel}","templated":true}]}}